{"id":25630,"date":"2016-09-03T08:04:44","date_gmt":"2016-09-03T08:04:44","guid":{"rendered":"https:\/\/mission2malawi.com\/orfelinat"},"modified":"2024-12-12T19:00:15","modified_gmt":"2024-12-12T17:00:15","slug":"orfelinate","status":"publish","type":"page","link":"https:\/\/mission2malawi.com\/ro\/orfelinate\/","title":{"rendered":"Orfelinate"},"content":{"rendered":"\n<p>\u201c<em>Religiunea curat\u0103 \u0219i ne\u00eentinat\u0103, \u00eenaintea lui Dumnezeu, Tat\u0103l nostru, este s\u0103 cercet\u0103m pe orfani \u0219i pe v\u0103duve \u00een necazurile lor, \u0219i s\u0103 ne p\u0103zim ne\u00eentina\u021bi de lume<\/em>.\u201d Biblia.<br>Lucrarea cu copiii orfani din Africa a \u00eenceput acum 13 ani, pe 23 iulie 2012.<\/p>\n\n\n\n<p>Am \u00eenceput s\u0103-i ajut\u0103m pe ace\u0219ti copii dup\u0103 ce am aflat de moartea subit\u0103 a unuia dintre copiii din Kachere. Feti\u021ba respectiv\u0103 a murit de foame, \u00eentr-un loc \u00een care noi am plantat o biseric\u0103. Vestea m-a \u0219ocat \u0219i i-am promis Domnului s\u0103 fac ceva care s\u0103 \u00eei ajute pe cei mai neprivilegia\u021bi copii din satele \u00een care lucr\u0103m. Am sim\u021bit cu adev\u0103rat, \u0219i \u00eenc\u0103 mai simt, c\u0103 am fost chemat s\u0103 fiu gura, m\u00e2inile \u0219i picioarele Domnului pentru ace\u0219ti micu\u021bi.<\/p>\n\n\n\n<p>La \u00eenceput am avut 17 copii orfani iar cel mai mare num\u0103r pe care l-am avut a fost 230. Ast\u0103zi, \u00een 2026, avem 2 Centre de Hr\u0103nire unde hr\u0103nim 164 de copii, orfani de ambii p\u0103rin\u021bi, cu c\u00e2te dou\u0103 mese pe zi. Acest lucru \u00eenseamn\u0103 un total de 330 de mese \u00een fiecare zi sau mult <strong>peste 100.000 de mese servite \u00een fiecare an<\/strong>!<br>Pe l\u00e2ng\u0103 hrana fizic\u0103, le oferim \u0219i hran\u0103 spiritual\u0103, prin lec\u021biile biblice predate zilnic. Via\u021ba lor ve\u0219nic\u0103 al\u0103turi de Isus este scopul nostru principal, dar \u00een\u021belegem c\u0103 nimeni nu poate asculta Evanghelia pe stomacul gol.<\/p>\n\n\n\n<p>Costul pentru a hr\u0103ni un copil este de <strong>35 de dolari\/lun\u0103<\/strong> sau, de dragul simplit\u0103\u021bii, <strong>35 euro<\/strong>. Aceast\u0103 sum\u0103 asigur\u0103 2 mese pe zi, de luni p\u00e2n\u0103 s\u00e2mb\u0103t\u0103.<br>Am estimat c\u0103 fiecare copil prime\u0219te cel pu\u021bin o mas\u0103 acas\u0103, al\u0103turi de rudele cu care locuie\u0219te. Duminica este zi liber\u0103 pentru echipa noastr\u0103, dar preg\u0103tim m\u00e2ncare pentru copii \u00een perioade de mare nevoie (sezonul foametei, dezastre naturale etc.).<\/p>\n\n\n\n<p>Copiii orfani nu dorm \u00een cl\u0103direa noastr\u0103, deoarece fiecare dintre ei are cel pu\u021bin o rud\u0103 la care s\u0103 stea. Cea mai mare nevoie a lor nu este de locuin\u021b\u0103, ci de hran\u0103.<\/p>\n\n\n\n<p>V\u0103 invit\u0103m s\u0103 fi\u021bi parte la aceast\u0103 lucrare minunat\u0103 care salveaz\u0103 \u0219i schimb\u0103 vie\u021bi. Pute\u021bi &#8220;adopta&#8221; de la distan\u021b\u0103, sprijinind unul sau mai mul\u021bi copii. Dona\u021bi folosind formularul de mai jos sau accesa\u021bi <a href=\"https:\/\/mission2malawi.com\/ro\/implica-te\/sponsorizeaza\/\" class=\"ek-link\">pagina noastr\u0103 de dona\u021bii<\/a>.<\/p>\n\n\n<div class=\"give-embed-form-wrapper\" id=\"give-69f957a705a6b\"><iframe\n\t\t\t\tname=\"give-embed-form\"\n\t\t\t\tsrc=\"https:\/\/mission2malawi.com\/ro\/give\/adopta-un-orfan\/?giveDonationFormInIframe=1\"\n\t\t\t\t\n\t\t\t\tdata-autoScroll=\"0\"\n\t\t\t\tonload=\"if( 'undefined' !== typeof Give ) { Give.initializeIframeResize(this) }\"\n\t\t\t\tstyle=\"border: 0;visibility: hidden;min-height: 600px;\"><\/iframe><div class=\"iframe-loader\">\n<div style=\"\n        height: 100%;\n        width: 100%;\n        display: flex;\n        align-items: center;\n        justify-content: center;\n    \">\n    <div style=\"\n        pointer-events: none;\n        height: 90px;\n        width: 90px;\n        background-image: url(&quot;data:image\/svg+xml;charset=utf8,%3C?xml version='1.0' encoding='utf-8'?%3E%3C!-- Generator: Adobe Illustrator 24.1.0, SVG Export Plug-In . SVG Version: 6.00 Build 0) --%3E%3Csvg version='1.1' id='Layer_1' xmlns='http:\/\/www.w3.org\/2000\/svg' xmlns:xlink='http:\/\/www.w3.org\/1999\/xlink' x='0px' y='0px' viewBox='0 0 349 348' style='enable-background:new 0 0 349 348;' xml:space='preserve'%3E%3Cstyle type='text\/css'%3E .st0{fill:%231E8CBE;} %3C\/style%3E%3Cpath class='st0' d='M25.1,204.57c-13.38,0-24.47-10.6-24.97-24.08C0.04,178.09,0,175.97,0,174C0,77.78,78.28-0.5,174.5-0.5 c13.81,0,25,11.19,25,25s-11.19,25-25,25C105.85,49.5,50,105.35,50,174c0,1.37,0.03,2.85,0.1,4.65c0.51,13.8-10.27,25.39-24.07,25.9 C25.72,204.56,25.41,204.57,25.1,204.57z'\/%3E%3Cpath class='st0' d='M174.5,348.5c-13.81,0-25-11.19-25-25c0-13.81,11.19-25,25-25c68.65,0,124.5-55.85,124.5-124.5 c0-1.38-0.03-2.85-0.1-4.65c-0.51-13.8,10.26-25.4,24.06-25.91c13.83-0.53,25.4,10.26,25.91,24.06c0.09,2.39,0.13,4.51,0.13,6.49 C349,270.22,270.72,348.5,174.5,348.5z'\/%3E%3C\/svg%3E&quot;);\n        animation: spin 0.6s linear infinite;\n        \"><\/div>\n<\/div>\n<\/div><\/div>","protected":false},"excerpt":{"rendered":"<p>\u201cReligiunea curat\u0103 \u0219i ne\u00eentinat\u0103, \u00eenaintea lui Dumnezeu, Tat\u0103l nostru, este s\u0103 cercet\u0103m pe orfani \u0219i pe v\u0103duve \u00een necazurile lor, \u0219i s\u0103 ne p\u0103zim ne\u00eentina\u021bi de lume.\u201d Biblia.Lucrarea cu copiii orfani din Africa a \u00eenceput acum ani, pe 23 iulie 2012. Am \u00eenceput s\u0103-i ajut\u0103m pe ace\u0219ti copii dup\u0103 ce\u2026 <a class=\"continue-reading-link\" href=\"https:\/\/mission2malawi.com\/ro\/orfelinate\/\">Citi\u021bi mai departe&#8230;<\/a><\/p>\n","protected":false},"author":1,"featured_media":31394,"parent":0,"menu_order":0,"comment_status":"closed","ping_status":"closed","template":"","meta":{"give_campaign_id":0,"footnotes":""},"class_list":["post-25630","page","type-page","status-publish","has-post-thumbnail","hentry"],"campaignId":"","_links":{"self":[{"href":"https:\/\/mission2malawi.com\/ro\/wp-json\/wp\/v2\/pages\/25630","targetHints":{"allow":["GET"]}}],"collection":[{"href":"https:\/\/mission2malawi.com\/ro\/wp-json\/wp\/v2\/pages"}],"about":[{"href":"https:\/\/mission2malawi.com\/ro\/wp-json\/wp\/v2\/types\/page"}],"author":[{"embeddable":true,"href":"https:\/\/mission2malawi.com\/ro\/wp-json\/wp\/v2\/users\/1"}],"replies":[{"embeddable":true,"href":"https:\/\/mission2malawi.com\/ro\/wp-json\/wp\/v2\/comments?post=25630"}],"version-history":[{"count":0,"href":"https:\/\/mission2malawi.com\/ro\/wp-json\/wp\/v2\/pages\/25630\/revisions"}],"wp:featuredmedia":[{"embeddable":true,"href":"https:\/\/mission2malawi.com\/ro\/wp-json\/wp\/v2\/media\/31394"}],"wp:attachment":[{"href":"https:\/\/mission2malawi.com\/ro\/wp-json\/wp\/v2\/media?parent=25630"}],"curies":[{"name":"wp","href":"https:\/\/api.w.org\/{rel}","templated":true}]}}