{"id":25650,"date":"2016-09-09T19:50:52","date_gmt":"2016-09-09T17:50:52","guid":{"rendered":"https:\/\/mission2malawi.com\/sponsorizeaza"},"modified":"2025-02-15T01:11:37","modified_gmt":"2025-02-14T23:11:37","slug":"sponsorizeaza","status":"publish","type":"page","link":"https:\/\/mission2malawi.com\/ro\/implica-te\/sponsorizeaza\/","title":{"rendered":"Sponsorizeaz\u0103"},"content":{"rendered":"\n<p>Misiunea Speran\u021b\u0103 pentru Viitor din Malawi este una religioas\u0103\/non-profit \u0219i depinde de ajutorul t\u0103u. Familia misionar\u0103 &#8211; familia Cornea &#8211; locuie\u0219te \u0219i sluje\u0219te aici, iar ei depind de harul lui Dumnezeu \u0219i generozitatea celor care au pe inim\u0103 aceast\u0103 lucrare. Alege s\u0103 sus\u021bii o misiune care a trecut testul timpului: 25 de ani \u00een Africa!<\/p>\n\n\n\n<p>Dona\u021bii directe se pot face \u00een contul Ovidiu Cornea deschis la Banca Transilvania:<br><strong>CONT LEI<\/strong>: RO22BTRL02501201A47942XX.<br><br>Deasemenea, folosind <a href=\"https:\/\/paypal.me\/ovicornea\" target=\"_blank\" rel=\"noreferrer noopener\">PayPal<\/a>.<br>Folosind Revolut: @ovicornea, 0754 582 945 ori scan\u00e2nd codul QR:<br><\/p>\n\n\n<div class=\"wp-block-image\">\n<figure class=\"aligncenter size-medium\"><img data-dominant-color=\"66636e\" data-has-transparency=\"false\" style=\"--dominant-color: #66636e;\" decoding=\"async\" width=\"268\" height=\"300\" src=\"https:\/\/mission2malawi.com\/wp-content\/uploads\/2025\/02\/IMG_5742-268x300.png\" alt=\"\" class=\"wp-image-32050 not-transparent\" srcset=\"https:\/\/mission2malawi.com\/wp-content\/uploads\/2025\/02\/IMG_5742-268x300.png 268w, https:\/\/mission2malawi.com\/wp-content\/uploads\/2025\/02\/IMG_5742-768x859.png 768w, https:\/\/mission2malawi.com\/wp-content\/uploads\/2025\/02\/IMG_5742-313x350.png 313w, https:\/\/mission2malawi.com\/wp-content\/uploads\/2025\/02\/IMG_5742-134x150.png 134w, https:\/\/mission2malawi.com\/wp-content\/uploads\/2025\/02\/IMG_5742-600x671.png 600w, https:\/\/mission2malawi.com\/wp-content\/uploads\/2025\/02\/IMG_5742.png 771w\" sizes=\"(max-width: 268px) 100vw, 268px\" \/><\/figure>\n<\/div>\n\n\n<p>\u00ce\u021bi mul\u021bumim pentru suport.<\/p>\n\n\n<div class=\"su-box su-box-style-default\" id=\"\" style=\"border-color:#c6954d;border-radius:6px;max-width:none\"><div class=\"su-box-title\" style=\"background-color:#F9C880;color:#0f0d0d;border-top-left-radius:4px;border-top-right-radius:4px\">Doneaz\u0103 prin depuneri bancare, ordine de plat\u0103 sau online<\/div><div class=\"su-box-content su-u-clearfix su-u-trim\" style=\"border-bottom-left-radius:4px;border-bottom-right-radius:4px\">Banca: Banca Transilvania<br \/>\nTitular: Cornea Nelu Ovidiu<br \/>\nConturi:<br \/>\nRO22BTRL02501201A47942XX &#8211; LEI<br \/>\nRO94BTRL02504201A47942XX &#8211; EURO<br \/>\nRO46BTRL02502201A47942XX &#8211; USD<\/p>\n<p>Cod Swift: BTRLRO22MMA (\u00een cazul \u00een care trimite\u021bi din afara Rom\u00e2niei)<\/div><\/div>\n\n\n<div class=\"su-box su-box-style-default\" id=\"\" style=\"border-color:#00001f;border-radius:6px;max-width:none\"><div class=\"su-box-title\" style=\"background-color:#1A2052;color:#FFFFFF;border-top-left-radius:4px;border-top-right-radius:4px\">Doneaz\u0103 online prin PayPal<\/div><div class=\"su-box-content su-u-clearfix su-u-trim\" style=\"border-bottom-left-radius:4px;border-bottom-right-radius:4px\">\t<div id=\"give-form-27862-wrap\" class=\"give-form-wrap give-display-onpage give-recurring-form-wrap give-recurring-form-donor\">\n\t\t\t\t\t<form id=\"give-form-27862-1\" class=\"give-form give-form-27862 give-form-type-multi give-recurring-form\" action=\"https:\/\/mission2malawi.com\/ro\/wp-json\/wp\/v2\/pages\/25650\/?payment-mode=paypal&form-id=27862\" data-id=\"27862-1\" data-currency_symbol=\"&#36;\" data-currency_code=\"USD\" data-currency_position=\"before\" data-thousands_separator=\",\" data-decimal_separator=\".\" data-number_decimals=\"2\" data-give_cs_base_amounts=\"{&quot;0&quot;:&quot;10.00&quot;,&quot;1&quot;:&quot;20.00&quot;,&quot;2&quot;:&quot;50.00&quot;,&quot;3&quot;:&quot;100.00&quot;,&quot;custom&quot;:0}\" method=\"post\">\n\t\t\t\t<!-- The following field is for robots only, invisible to humans: -->\n\t\t\t\t<span class=\"give-hidden\" style=\"display: none !important;\">\n\t\t\t\t\t<label for=\"give-form-honeypot-27862\"><\/label>\n\t\t\t\t\t<input id=\"give-form-honeypot-27862\" type=\"text\" name=\"give-honeypot\"\n\t\t\t\t\t\t   class=\"give-honeypot give-hidden\"\/>\n\t\t\t\t<\/span>\n\n\t\t\t\t\t<input type=\"hidden\" name=\"give-form-id-prefix\" value=\"27862-1\"\/>\n\t<input type=\"hidden\" name=\"give-form-id\" value=\"27862\"\/>\n\t<input type=\"hidden\" name=\"give-form-title\" value=\"Malawi Ministry\"\/>\n\t<input type=\"hidden\" name=\"give-current-url\" value=\"https:\/\/mission2malawi.com\/ro\/wp-json\/wp\/v2\/pages\/25650\/\"\/>\n\t<input type=\"hidden\" name=\"give-form-url\" value=\"https:\/\/mission2malawi.com\/ro\/wp-json\/wp\/v2\/pages\/25650\/\"\/>\n\t\t\t<input type=\"hidden\" name=\"give-form-minimum\"\n\t\t\t   value=\"1.00\"\/>\n\t\t<input type=\"hidden\" name=\"give-form-maximum\"\n\t\t\t   value=\"1000000.00\"\/>\n\t\t<input type=\"hidden\"  name=\"give-form-hash\" value=\"34e781bad7\" data-time=\"1776553882\" data-nonce-life=\"86400\" data-donor-session=\"0\"\/><input type=\"hidden\" name=\"give-price-id\" value=\"1\"\/>\t<input type=\"hidden\" name=\"give-recurring-logged-in-only\"\n\t\t   class=\"give-recurring-logged-in-only\"\n\t\t   value=\"\"\/>\n\n\t<input type=\"hidden\" name=\"give-logged-in-only\"\n\t\t   class=\"give-logged-in-only\"\n\t\t   value=\"1\"\/>\n<input\n\t\t\t\t\ttype=\"hidden\"\n\t\t\t\t\tname=\"_give_is_donation_recurring\"\n\t\t\t\t\tclass=\"_give_is_donation_recurring\"\n\t\t\t\t\tid=\"_give_is_donation_recurring\"\n\t\t\t\t\tvalue=\"0\"\n\t\t\t\t\tdata-_give_recurring=\"yes_donor\"\n\t\t\t\t\tdata-_give_checkbox_default=\"no\"\n                    data-_give_price_option=\"\"\n                \/><input\n\t\t\t\t\ttype=\"hidden\"\n\t\t\t\t\tname=\"give_recurring_donation_details\"\n\t\t\t\t\tclass=\"give_recurring_donation_details\"\n\t\t\t\t\tid=\"give_recurring_donation_details\"\n\t\t\t\t\tvalue=\"{&quot;give_recurring_option&quot;:&quot;yes_donor&quot;}\"\n                \/>\t\t<div class=\"give-total-wrap\">\n\t\t\t<div class=\"give-donation-amount form-row-wide\">\n\t\t\t\t<span class=\"give-currency-symbol give-currency-position-before\">&#036;<\/span>\t\t\t\t<label class=\"give-hidden\" for=\"give-amount\">Suma donat\u0103:<\/label>\n\t\t\t\t<input class=\"give-text-input give-amount-top\" id=\"give-amount\" name=\"give-amount\" type=\"text\" inputmode=\"decimal\"\n\t\t\t\t\t   placeholder=\"\" value=\"20.00\" autocomplete=\"off\">\n\t\t\t\t\t\t\t<\/div>\n\t\t<\/div>\n\t\t\t\t<fieldset\n\t\t\tclass=\"give-currency-switcher-wrap form-row form-row-wide\"\n\t\t\tdata-give_form_id=\"27862\">\n\t\t\t<legend class=\"give-cs-msg-legend give-hidden\">&nbsp;<\/legend>\n\t\t\t<select name=\"give-cs-currency\" class=\"give-cs-select-currency give-hidden\">\n\t\t\t\t\t\t\t\t\t<option\n\t\t\t\t\t\tvalue=\"USD\"  selected='selected'>\n\t\t\t\t\t\tUS Dollars\t\t\t\t\t<\/option>\n\t\t\t\t\t\t\t<\/select>\n\t\t\t<input type=\"hidden\" name=\"give-cs-base-currency\" value=\"USD\"\/>\n\t\t\t<input type=\"hidden\" name=\"give-cs-exchange-rate\" value=\"0\"\/>\n\t\t\t<input type=\"hidden\" name=\"give-cs-form-currency\" value=\"USD\"\/>\n\t\t\t\t\t\t<div\n\t\t\t\tclass=\"give-currency-switcher-msg-wrap give-hidden\">\n\t\t\t\t<span\n\t\t\t\t\tclass=\"give-currency-switcher-msg \"\n\t\t\t\t\tdata-rawtext=\"The current exchange rate is 1.00 {base_currency} equals {new_currency_rate} {new_currency}.\">\n\t\t\t\t\t\t\t\t\t\t\t<\/span>\n\t\t\t<\/div>\n\t\t<\/fieldset>\n\t\t<ul id=\"give-donation-level-button-wrap\" class=\"give-donation-levels-wrap give-list-inline\"><li><button type=\"button\" data-price-id=\"0\" class=\"give-donation-level-btn give-btn give-btn-level-0 \" value=\"10.00\" data-default=\"0\">&#036;10.00<\/button><\/li><li><button type=\"button\" data-price-id=\"1\" class=\"give-donation-level-btn give-btn give-btn-level-1 give-default-level\" value=\"20.00\" data-default=\"1\">&#036;20.00<\/button><\/li><li><button type=\"button\" data-price-id=\"2\" class=\"give-donation-level-btn give-btn give-btn-level-2 \" value=\"50.00\" data-default=\"0\">&#036;50.00<\/button><\/li><li><button type=\"button\" data-price-id=\"3\" class=\"give-donation-level-btn give-btn give-btn-level-3 \" value=\"100.00\" data-default=\"0\">&#036;100.00<\/button><\/li><li><button type=\"button\" data-price-id=\"custom\" class=\"give-donation-level-btn give-btn give-btn-level-custom\" value=\"custom\">Custom Amount<\/button><\/li><\/ul>\t\t\t<input\n\t\t\t\t\ttype=\"hidden\"\n\t\t\t\t\tvalue=\"1\"\n\t\t\t\t\tclass=\"give-fee-disable\"\n\t\t\t\/>\n\t\t\t\t\t\t\t<fieldset class=\"give-fee-recovery-donors-choice give-fee-message form-row\"\n\t\t\t\t\t\t  id=\"give-fee-recovery-wrap-27862\">\n\t\t\t\t\t<legend class=\"give-fee-message-legend\"\n\t\t\t\t\t\t\tstyle=\"display: none;\">Dori\u021bi s\u0103 contribui\u021bi la acoperirea taxelor de procesare?<\/legend>\n\n\t\t\t\t\t<label for=\"give_fee_mode_checkbox-27862\"\n\t\t\t\t\t\t   class=\"give-fee-message-label\"\n\t\t\t\t\t\t   data-feemessage=\"I&#039;d like to help cover the transaction fees of {fee_amount} for my donation.\"\n\t\t\t\t\t\t   style=\"font-weight:normal; cursor: pointer;\">\n\t\t\t\t\t\t<input\n\t\t\t\t\t\t\t\tname=\"give_fee_mode_checkbox\"\n\t\t\t\t\t\t\t\ttype=\"checkbox\"\n\t\t\t\t\t\t\t\tid=\"give_fee_mode_checkbox-27862\"\n\t\t\t\t\t\t\t\tclass=\"give_fee_mode_checkbox\"\n\t\t\t\t\t\t\t\tvalue=\"1\"\n\t\t\t\t\t\t\t\t\t\t\t\t\t\/>\n\t\t\t\t\t\t<span class=\"give-fee-message-label-text\">I&#039;d like to help cover the transaction fees of 0 for my donation.<\/span>\n\t\t\t\t\t<\/label>\n\t\t\t\t<\/fieldset>\n\t\t\t\t\t<div class=\"give-recurring-donors-choice\">\n\t\t<input id=\"give-donors_choice-27862\" class=\"give-recurring-period\" name=\"give-recurring-period\" type=\"checkbox\" data-period-label=\"Lunar\" data-period=\"month\" data-interval=\"1\"  \/> <label for=\"give-donors_choice-27862\">Repet\u0103 aceast\u0103 dona\u021bie \u00een fiecare <select class=\"give-recurring-donors-choice-period\" name=\"give-recurring-period-donors-choice\"><option value=\"day\" >zi<\/option><option value=\"week\" >s\u0103pt\u0103m\u00e2n\u0103<\/option><option value=\"month\"  selected >lun\u0103<\/option><option value=\"quarter\" >trimestru<\/option><option value=\"year\" >an<\/option><\/select><\/label>\t<\/div>\n\t<input type=\"hidden\" name=\"give-fee-recovery-settings\" value=\"{&quot;fee_data&quot;:{&quot;all_gateways&quot;:{&quot;percentage&quot;:&quot;5.540000&quot;,&quot;base_amount&quot;:&quot;0.300000&quot;,&quot;give_fee_disable&quot;:false,&quot;give_fee_status&quot;:true,&quot;is_break_down&quot;:true,&quot;maxAmount&quot;:&quot;0&quot;}},&quot;give_fee_status&quot;:true,&quot;give_fee_disable&quot;:false,&quot;is_break_down&quot;:true,&quot;fee_mode&quot;:&quot;donor_opt_in&quot;,&quot;is_fee_mode&quot;:true,&quot;fee_recovery&quot;:true}\" \/>\n\t<fieldset id=\"give-payment-mode-select\">\n\t\t\t\t<legend\n\t\t\tclass=\"give-payment-mode-label\">Alege\u021bi Metoda de Plat\u0103\t\t\t<span class=\"give-loading-text\"><span\n\t\t\t\t\tclass=\"give-loading-animation\"><\/span>\n\t\t\t<\/span>\n\t\t<\/legend>\n\n\t\t<div id=\"give-payment-mode-wrap\">\n\t\t\t\t\t\t<ul id=\"give-gateway-radio-list\">\n\t\t\t\t\t\t\t\t\t\t<li>\n\t\t\t\t\t\t\t<input type=\"radio\" name=\"payment-mode\" class=\"give-gateway\"\n\t\t\t\t\t\t\t\t   id=\"give-gateway-paypal-commerce-27862-1\"\n\t\t\t\t\t\t\t\t   value=\"paypal-commerce\">\n\t\t\t\t\t\t\t<label for=\"give-gateway-paypal-commerce-27862-1\"\n\t\t\t\t\t\t\t\t   class=\"give-gateway-option\"\n\t\t\t\t\t\t\t\t   id=\"give-gateway-option-paypal-commerce\"> Credit Card<\/label>\n\t\t\t\t\t\t<\/li>\n\t\t\t\t\t\t\t\t\t\t\t\t<li>\n\t\t\t\t\t\t\t<input type=\"radio\" name=\"payment-mode\" class=\"give-gateway\"\n\t\t\t\t\t\t\t\t   id=\"give-gateway-offline-27862-1\"\n\t\t\t\t\t\t\t\t   value=\"offline\">\n\t\t\t\t\t\t\t<label for=\"give-gateway-offline-27862-1\"\n\t\t\t\t\t\t\t\t   class=\"give-gateway-option\"\n\t\t\t\t\t\t\t\t   id=\"give-gateway-option-offline\"> Check \/ bank wire \/ Zelle<\/label>\n\t\t\t\t\t\t<\/li>\n\t\t\t\t\t\t\t\t\t\t\t\t<li class=\"give-gateway-option-selected\">\n\t\t\t\t\t\t\t<input type=\"radio\" name=\"payment-mode\" class=\"give-gateway\"\n\t\t\t\t\t\t\t\t   id=\"give-gateway-paypal-27862-1\"\n\t\t\t\t\t\t\t\t   value=\"paypal\" checked='checked'>\n\t\t\t\t\t\t\t<label for=\"give-gateway-paypal-27862-1\"\n\t\t\t\t\t\t\t\t   class=\"give-gateway-option\"\n\t\t\t\t\t\t\t\t   id=\"give-gateway-option-paypal\"> PayPal<\/label>\n\t\t\t\t\t\t<\/li>\n\t\t\t\t\t\t\t\t\t<\/ul>\n\t\t\t\t\t<\/div>\n\t\t\t<\/fieldset>\n\n\t\n\t<div id=\"give_purchase_form_wrap\">\n\n\t\t\t<fieldset id=\"give_checkout_user_info\" class=\"\">\n\t\t<legend>\n\t\t\tInforma\u021bii Personale\t\t<\/legend>\n\n\t\t\n        <p id=\"give-first-name-wrap\" class=\"form-row form-row-first form-row-responsive\">\n            <label class=\"give-label\" for=\"give-first\">\n                Nume                                    <span class=\"give-required-indicator\">*<\/span>\n                                <span class=\"give-tooltip hint--top hint--medium hint--bounce\" aria-label=\"First Name is used to personalize your donation record.\" rel=\"tooltip\"><i class=\"give-icon give-icon-question\"><\/i><\/span>            <\/label>\n            <input\n                class=\"give-input required\"\n                type=\"text\"\n                name=\"give_first\"\n                autocomplete=\"given-name\"\n                placeholder=\"Nume\"\n                id=\"give-first\"\n                value=\"\"\n                 required aria-required=\"true\"             \/>\n        <\/p>\n\n        <p id=\"give-last-name-wrap\" class=\"form-row form-row-last form-row-responsive\">\n            <label class=\"give-label\" for=\"give-last\">\n                Prenume                                <span class=\"give-tooltip hint--top hint--medium hint--bounce\" aria-label=\"Last Name is used to personalize your donation record.\" rel=\"tooltip\"><i class=\"give-icon give-icon-question\"><\/i><\/span>            <\/label>\n\n            <input\n                class=\"give-input\"\n                type=\"text\"\n                name=\"give_last\"\n                autocomplete=\"family-name\"\n                id=\"give-last\"\n                placeholder=\"Prenume\"\n                value=\"\"\n                            \/>\n        <\/p>\n\n        \n                <p id=\"give-email-wrap\" class=\"form-row form-row-wide\">\n            <label class=\"give-label\" for=\"give-email\">\n                Adresa de Email                                    <span class=\"give-required-indicator\">*<\/span>\n                                    <span class=\"give-tooltip hint--top hint--medium hint--bounce\" aria-label=\"We will send the donation receipt to this address.\" rel=\"tooltip\"><i class=\"give-icon give-icon-question\"><\/i><\/span>            <\/label>\n            <input\n                class=\"give-input required\"\n                type=\"email\"\n                name=\"give_email\"\n                autocomplete=\"email\"\n                placeholder=\"Adresa de Email\"\n                id=\"give-email\"\n                value=\"\"\n                 required aria-required=\"true\"             \/>\n\n        <\/p>\n\n        \n\t\t\t\t\t<\/fieldset>\n\t\t<fieldset id=\"give_purchase_submit\" class=\"give-donation-submit\">\n\t\t\t<p id=\"give-final-total-wrap\" class=\"form-wrap \">\n\t\t\t\t<span class=\"give-donation-total-label\">\n\t\t\tTotal Dona\u021bie:\t\t<\/span>\n\t\t<span class=\"give-final-total-amount\"\n\t\t\t  data-total=\"20.00\">\n\t\t\t&#36;20.00\t\t<\/span>\n\t\t<span id=\"give-recurring-modal-period-wrap\" class=\"give-hidden\"><span id=\"give-recurring-modal-period\">One Time<\/span><\/span>\t<\/p>\n\t<p class=\"fee-break-down-message fee-break-down-message-27862\" data-breakdowntext=\"{amount} dona\u021bia plus {fee_amount} taxele de procesare.\" style=\"display: none;\">{amount} dona\u021bia plus {fee_amount} taxele de procesare.<\/p>\t<input type=\"hidden\" name=\"give_action\" value=\"purchase\"\/>\n\t<input type=\"hidden\" name=\"give-gateway\" value=\"paypal\"\/>\n\t\t<div class=\"give-submit-button-wrap give-clearfix\">\n\t\t<input type=\"submit\" class=\"give-submit give-btn\" id=\"give-purchase-button\" name=\"give-purchase\"\n\t\t\t   value=\"Donate Now\" data-before-validation-label=\"Donate Now\"\/>\n\t\t<span class=\"give-loading-animation\"><\/span>\n\t<\/div>\n\t\t<\/fieldset>\n\t\n\t<\/div>\n\n\t\t\t\t<\/form>\n\n\t\t\t\n\t<\/div><!--end #give-form-27862-->\n\t<\/div><\/div>\n","protected":false},"excerpt":{"rendered":"<p>Misiunea Speran\u021b\u0103 pentru Viitor din Malawi este una religioas\u0103\/non-profit \u0219i depinde de ajutorul t\u0103u. Familia misionar\u0103 &#8211; familia Cornea &#8211; locuie\u0219te \u0219i sluje\u0219te aici, iar ei depind de harul lui Dumnezeu \u0219i generozitatea celor care au pe inim\u0103 aceast\u0103 lucrare. Alege s\u0103 sus\u021bii o misiune care a trecut testul timpului:\u2026 <a class=\"continue-reading-link\" href=\"https:\/\/mission2malawi.com\/ro\/implica-te\/sponsorizeaza\/\">Citi\u021bi mai departe&#8230;<\/a><\/p>\n","protected":false},"author":1,"featured_media":29645,"parent":25626,"menu_order":0,"comment_status":"closed","ping_status":"closed","template":"","meta":{"give_campaign_id":0,"footnotes":""},"class_list":["post-25650","page","type-page","status-publish","has-post-thumbnail","hentry"],"campaignId":"","_links":{"self":[{"href":"https:\/\/mission2malawi.com\/ro\/wp-json\/wp\/v2\/pages\/25650","targetHints":{"allow":["GET"]}}],"collection":[{"href":"https:\/\/mission2malawi.com\/ro\/wp-json\/wp\/v2\/pages"}],"about":[{"href":"https:\/\/mission2malawi.com\/ro\/wp-json\/wp\/v2\/types\/page"}],"author":[{"embeddable":true,"href":"https:\/\/mission2malawi.com\/ro\/wp-json\/wp\/v2\/users\/1"}],"replies":[{"embeddable":true,"href":"https:\/\/mission2malawi.com\/ro\/wp-json\/wp\/v2\/comments?post=25650"}],"version-history":[{"count":0,"href":"https:\/\/mission2malawi.com\/ro\/wp-json\/wp\/v2\/pages\/25650\/revisions"}],"up":[{"embeddable":true,"href":"https:\/\/mission2malawi.com\/ro\/wp-json\/wp\/v2\/pages\/25626"}],"wp:featuredmedia":[{"embeddable":true,"href":"https:\/\/mission2malawi.com\/ro\/wp-json\/wp\/v2\/media\/29645"}],"wp:attachment":[{"href":"https:\/\/mission2malawi.com\/ro\/wp-json\/wp\/v2\/media?parent=25650"}],"curies":[{"name":"wp","href":"https:\/\/api.w.org\/{rel}","templated":true}]}}