{"id":25652,"date":"2016-09-25T17:50:48","date_gmt":"2016-09-25T15:50:48","guid":{"rendered":"https:\/\/mission2malawi.com\/informatii-misiune-pe-termen-scurt"},"modified":"2026-02-19T23:24:32","modified_gmt":"2026-02-19T21:24:32","slug":"informatii-misiune-pe-termen-scurt","status":"publish","type":"page","link":"https:\/\/mission2malawi.com\/ro\/informatii-misiune-pe-termen-scurt\/","title":{"rendered":"Informa\u021bii Misiune pe Termen Scurt"},"content":{"rendered":"\n<p>\u00ce\u021bi mul\u021bumim pentru interesul ar\u0103tat \u0219i pentru inten\u021bia de a veni \u0219i sluji, al\u0103turi de noi, \u00een lucrarea pe care Domnul ne-a dat-o aici \u00een Malawi. \u00cen aceast\u0103 pagin\u0103 vom lista pa\u0219ii care trebuie f\u0103cu\u021bi, astfel \u00eenc\u00e2t toate cerin\u021bele s\u0103 fie \u00eendeplinite. Vrem s\u0103 te asigur\u0103m c\u0103 aceste cerin\u021be nu exist\u0103 pentru a complica lucrurile, ba din contr\u0103, pentru a ne asigura c\u0103 timpul petrecut \u00eempreun\u0103 va fi c\u00e2t mai benefic pentru lucrarea lui Dumnezeu.<\/p>\n\n\n\n<p>Iat\u0103 ce trebuie s\u0103 faci:<\/p>\n\n\n\n<ol class=\"wp-block-list\">\n<li><strong>voia Domnului<\/strong>. Asigur\u0103-te c\u0103 este voia Domnului s\u0103 vii aici sau cel pu\u021bin c\u0103 ai o dorin\u021b\u0103 sincer\u0103 s\u0103 sluje\u0219ti pe un c\u00e2mp de misiune extern.<br><\/li>\n\n\n\n<li><strong>comunic\u0103<\/strong>. Ia leg\u0103tura cu noi pentru a vedea care sunt modalit\u0103\u021bile \u00een care ai putea fi implicat, precum \u0219i timpul potrivit pentru acest lucru. Noi \u00ee\u021bi vom r\u0103spunde la orice \u00eentreb\u0103ri, \u00ee\u021bi vom oferi mai multe detalii, te vom informa cu privire la costuri, \u0219.a.m.d.<br><\/li>\n\n\n\n<li><strong>informarea bisericii<\/strong>. Ia leg\u0103tura cu p\u0103storul sau liderul bisericii pe care o frecventezi. D\u00e2nsul, \u00eempreun\u0103 cu biserica \u00eentreag\u0103, trebuie s\u0103 \u0219tie \u0219i s\u0103 fie de acord.<br><\/li>\n\n\n\n<li><strong>\u00eenscriere<\/strong>. Completeaz\u0103 Formularul de \u00censcriere:&nbsp;<a href=\"http:\/\/bit.ly\/2dnXIuO\" target=\"_blank\" rel=\"noopener\" class=\"ek-link\">Formular de \u00censcriere<\/a>. Dac\u0103 deja ai completat acest formular \u00een trecut, nu mai trebuie s\u0103-l completezi.<br><\/li>\n\n\n\n<li><strong>recomand\u0103ri<\/strong>. P\u0103storul sau liderul plus \u00eenc\u0103 o persoan\u0103 care te cunoa\u0219te bine trebuie s\u0103 completeze Formularul de Recomandare pentru tine:&nbsp;<a href=\"http:\/\/bit.ly\/2dnXXGm\" target=\"_blank\" rel=\"noopener\">Formular de Recomandare<\/a>. Formularul poate fi completat din nou pentru aceea\u0219i persoan\u0103 doar dac\u0103 recomandarea se schimb\u0103.<br><br><strong><span style=\"text-decoration: underline;\" class=\"ek-underline\">Doar dup\u0103 ce aceste dou\u0103 formulare au fost trimise \u0219i acceptate se poate trece la urm\u0103torul pas.<\/span><\/strong><br><br><\/li>\n\n\n\n<li><strong>eVisa<\/strong>. \u00cen acest moment, cet\u0103\u021benii rom\u00e2ni care vin \u00een Malawi NU mai trebuie s\u0103 aplice pentru viza de intrare \u00eenainte de c\u0103l\u0103torie. Aceasta va fi eliberat\u0103 la intrare \u00een \u021bar\u0103. V\u0103 rug\u0103m s\u0103 verifica\u021bi dac\u0103 ave\u021bi nevoie de viz\u0103 \u00eenainte de c\u0103l\u0103torie pe pagina oficial\u0103 a Serviciului de Imigr\u0103ri: <a href=\"https:\/\/evisa.gov.mw\/VisaAssistance\" class=\"ek-link\">https:\/\/evisa.gov.mw\/VisaAssistance<\/a>. <br><br>Dac\u0103 viza v\u0103 este \u00eenc\u0103 necesar\u0103, iat\u0103 ce trebuie s\u0103 face\u021bi:<br>Pentru a \u00eencepe, va trebui s\u0103 intra\u021bi pe pagina oficial\u0103, <a aria-label=\"https:\/\/evisa.gov.mw (opens in a new tab)\" href=\"https:\/\/evisa.gov.mw\" target=\"_blank\" rel=\"noreferrer noopener\" class=\"ek-link\">https:\/\/evisa.gov.mw<\/a>, \u0219i s\u0103 v\u0103 crea\u021bi un cont. Pe aceea pagin\u0103, ve\u021bi g\u0103si butonul &#8220;Login&#8221; \u00een partea dreapta sus a paginii. Face\u021bi click pe acesta \u0219i apoi, pe pagina urm\u0103toare, ve\u021bi avea posibilitatea de a v\u0103 \u00eenregistra contul. Alternativ, da\u021bi click direct aici: <a aria-label=\"\u00cenregistrare cont nou (opens in a new tab)\" href=\"https:\/\/evisa.gov.mw\/Account\/Register\" target=\"_blank\" rel=\"noreferrer noopener\" class=\"ek-link\">\u00cenregistrare cont nou<\/a>. (Aten\u021bie, pagina guvernului este \u00een limba englez\u0103).<br><br>Fiecare persoan\u0103 trebuie s\u0103 aib\u0103 contul ei personal, cu excep\u021bia familiilor, care pot s\u0103 foloseasc\u0103 acela\u0219i cont. \u00cen acest caz, o persoan\u0103 este titularul contului \u0219i restul sunt parte din familie, \u00eens\u0103 fiecare are nevoie de viz\u0103 \u00een mod individual.<br><br>Procesul de aplicare pentru vize este simplu, dar, dac\u0103 \u00eent\u00e2mpina\u021bi orice fel de greut\u0103\u021bi, nu ezita\u021bi s\u0103 m\u0103 contacta\u021bi. V\u0103 recomand s\u0103 ave\u021bi o <span style=\"text-decoration: underline;\"><span class=\"ek-underline\" style=\"text-decoration: underline;\">poz\u0103 digital\u0103<\/span><\/span> tip pa\u0219aport, f\u0103cut\u0103 \u00een ultimele 6 luni, precum \u0219i o <span style=\"text-decoration: underline;\"><span class=\"ek-underline\" style=\"text-decoration: underline;\">copie scanat\u0103 dup\u0103 pa\u0219aport<\/span><\/span>. Ve\u021bi mai avea nevoie \u0219i de o <span style=\"text-decoration: underline;\"><span class=\"ek-underline\" style=\"text-decoration: underline;\">Invita\u021bie<\/span><\/span> din partea misiunii noastre, invita\u021bie ce v\u0103 va fi oferit\u0103 la momentul potrivit. <br><br>Eu am filmat un clip video \u00een care am explicat, \u00een limba englez\u0103, \u00eentregul proces de aplicare pentru o viz\u0103. G\u0103si\u021bi aici linkul: <a aria-label=\"Going to Africa: e-Visas for Malawi - how to apply for an online visa (opens in a new tab)\" href=\"https:\/\/youtu.be\/NPtpoktT-gs?t=160\" target=\"_blank\" rel=\"noreferrer noopener\" class=\"ek-link\">Going to Africa: e-Visas for Malawi &#8211; how to apply for an online visa<\/a>.<br><br>\u00cen acest moment, costul pentru o viz\u0103 eliberat\u0103 online este de $52 dolari \u0219i ea se elibereaz\u0103 \u00een aprox. 5 zile lucr\u0103toare, de\u0219i uneori poate dura \u0219i mai mult. <br>(Viza primit\u0103 la intrare \u00een \u021bar\u0103 cost\u0103 $75. Recomand\u0103m s\u0103 ave\u021bi suma exact\u0103).<br><br><\/li>\n\n\n\n<li><strong>List\u0103 de Preg\u0103tire.<\/strong> \u00cencuraj\u0103m pe toat\u0103 lumea s\u0103 se familiarizeze cu con\u021binutul acestui document. Acesta con\u021bine informa\u021bii importante despre Malawi, despre localnici \u0219i cultura lor, despre misiunea Speran\u021b\u0103 pentru Viitor, despre ce trebuie \u0219i ce nu trebuie s\u0103 face\u021bi, despre c\u0103l\u0103torie, etc.: <a aria-label=\"bit.ly\/h4f-checklist-ro (opens in a new tab)\" href=\"https:\/\/bit.ly\/h4f-checklist-ro\" target=\"_blank\" rel=\"noreferrer noopener\" class=\"ek-link\">bit.ly\/h4f-checklist-ro<\/a>. <\/li>\n<\/ol>\n\n\n\n<p><\/p>\n\n\n\n<p><strong>Alte informa\u021bii<\/strong>.<\/p>\n\n\n\n<p>Noi&nbsp;respect\u0103m dorin\u021bele individuale ale celor care lucreaz\u0103 cu noi, \u00eens\u0103 cerem fiec\u0103rui aplicant ca, pe toat\u0103 durata c\u0103l\u0103toriei, s\u0103 r\u0103m\u00e2n\u0103 \u00een binecuv\u00e2ntarea&nbsp;bisericii locale, fiind gata oric\u00e2nd s\u0103 dea socoteal\u0103 acesteia, \u00een timp ce accept\u0103 a lucra sub autoritatea misiunii din Malawi, misiune a c\u0103rui coordonator sunt.<\/p>\n\n\n\n<p><strong>Informa\u021bii de contact.<\/strong><\/p>\n\n\n\n<p>Vasile Paul, p\u0103stor, Biserica Baptist\u0103 &#8220;Sf\u00e2nta Treime&#8221;, Baia Mare:&nbsp;075 641 7454.<\/p>\n\n\n\n<p>Ovi Cornea, misionar, &#8220;Speran\u021b\u0103 pentru Viitor&#8221;, Malawi, Africa: <br>+265 995 802 184 (nr. \u00een Malawi, folosit \u0219i pentru whatsapp).<br>+40 754 582 945 (nr. \u00een Rom\u00e2nia).<br><br>Alternativ, pute\u021bi completa <a aria-label=\"formularul de contact (opens in a new tab)\" href=\"https:\/\/mission2malawi.com\/ro\/contact-ro\/\" target=\"_blank\" rel=\"noreferrer noopener\" class=\"ek-link\">formularul de contact<\/a>.<\/p>\n\n\n\n<p>Abia a\u0219tept\u0103m s\u0103 v\u0103 spunem <strong>Bine a\u021bi venit \u00een Malawi<\/strong>! <strong>Takulandirani<\/strong>!<\/p>\n\n\n<div class=\"wp-block-image\">\n<figure class=\"aligncenter size-large\"><a href=\"https:\/\/mission2malawi.com\/wp-content\/uploads\/2022\/03\/IMG_9327-scaled.jpeg\"><img decoding=\"async\" width=\"1024\" height=\"768\" src=\"https:\/\/mission2malawi.com\/wp-content\/uploads\/2022\/03\/IMG_9327-1024x768.jpeg\" alt=\"\" class=\"wp-image-29541\" srcset=\"https:\/\/mission2malawi.com\/wp-content\/uploads\/2022\/03\/IMG_9327-1024x768.jpeg 1024w, https:\/\/mission2malawi.com\/wp-content\/uploads\/2022\/03\/IMG_9327-300x225.jpeg 300w, https:\/\/mission2malawi.com\/wp-content\/uploads\/2022\/03\/IMG_9327-768x576.jpeg 768w, https:\/\/mission2malawi.com\/wp-content\/uploads\/2022\/03\/IMG_9327-1536x1152.jpeg 1536w, https:\/\/mission2malawi.com\/wp-content\/uploads\/2022\/03\/IMG_9327-2048x1536.jpeg 2048w, https:\/\/mission2malawi.com\/wp-content\/uploads\/2022\/03\/IMG_9327-467x350.jpeg 467w, https:\/\/mission2malawi.com\/wp-content\/uploads\/2022\/03\/IMG_9327-150x113.jpeg 150w\" sizes=\"(max-width: 1024px) 100vw, 1024px\" \/><\/a><\/figure>\n<\/div>\n\n\n<p><\/p>\n\n\n<div class=\"wp-block-image\">\n<figure class=\"aligncenter size-large\"><a href=\"https:\/\/mission2malawi.com\/wp-content\/uploads\/2022\/04\/Giraffe-scaled.jpeg\"><img decoding=\"async\" width=\"1024\" height=\"768\" src=\"https:\/\/mission2malawi.com\/wp-content\/uploads\/2022\/04\/Giraffe-1024x768.jpeg\" alt=\"\" class=\"wp-image-29662\" srcset=\"https:\/\/mission2malawi.com\/wp-content\/uploads\/2022\/04\/Giraffe-1024x768.jpeg 1024w, https:\/\/mission2malawi.com\/wp-content\/uploads\/2022\/04\/Giraffe-300x225.jpeg 300w, https:\/\/mission2malawi.com\/wp-content\/uploads\/2022\/04\/Giraffe-768x576.jpeg 768w, https:\/\/mission2malawi.com\/wp-content\/uploads\/2022\/04\/Giraffe-1536x1152.jpeg 1536w, https:\/\/mission2malawi.com\/wp-content\/uploads\/2022\/04\/Giraffe-2048x1536.jpeg 2048w, https:\/\/mission2malawi.com\/wp-content\/uploads\/2022\/04\/Giraffe-467x350.jpeg 467w, https:\/\/mission2malawi.com\/wp-content\/uploads\/2022\/04\/Giraffe-150x113.jpeg 150w\" sizes=\"(max-width: 1024px) 100vw, 1024px\" \/><\/a><\/figure>\n<\/div>","protected":false},"excerpt":{"rendered":"<p>\u00ce\u021bi mul\u021bumim pentru interesul ar\u0103tat \u0219i pentru inten\u021bia de a veni \u0219i sluji, al\u0103turi de noi, \u00een lucrarea pe care Domnul ne-a dat-o aici \u00een Malawi. \u00cen aceast\u0103 pagin\u0103 vom lista pa\u0219ii care trebuie f\u0103cu\u021bi, astfel \u00eenc\u00e2t toate cerin\u021bele s\u0103 fie \u00eendeplinite. Vrem s\u0103 te asigur\u0103m c\u0103 aceste cerin\u021be nu\u2026 <a class=\"continue-reading-link\" href=\"https:\/\/mission2malawi.com\/ro\/informatii-misiune-pe-termen-scurt\/\">Citi\u021bi mai departe&#8230;<\/a><\/p>\n","protected":false},"author":1,"featured_media":27189,"parent":0,"menu_order":0,"comment_status":"closed","ping_status":"closed","template":"","meta":{"give_campaign_id":0,"footnotes":""},"class_list":["post-25652","page","type-page","status-publish","has-post-thumbnail","hentry"],"campaignId":"","_links":{"self":[{"href":"https:\/\/mission2malawi.com\/ro\/wp-json\/wp\/v2\/pages\/25652","targetHints":{"allow":["GET"]}}],"collection":[{"href":"https:\/\/mission2malawi.com\/ro\/wp-json\/wp\/v2\/pages"}],"about":[{"href":"https:\/\/mission2malawi.com\/ro\/wp-json\/wp\/v2\/types\/page"}],"author":[{"embeddable":true,"href":"https:\/\/mission2malawi.com\/ro\/wp-json\/wp\/v2\/users\/1"}],"replies":[{"embeddable":true,"href":"https:\/\/mission2malawi.com\/ro\/wp-json\/wp\/v2\/comments?post=25652"}],"version-history":[{"count":0,"href":"https:\/\/mission2malawi.com\/ro\/wp-json\/wp\/v2\/pages\/25652\/revisions"}],"wp:featuredmedia":[{"embeddable":true,"href":"https:\/\/mission2malawi.com\/ro\/wp-json\/wp\/v2\/media\/27189"}],"wp:attachment":[{"href":"https:\/\/mission2malawi.com\/ro\/wp-json\/wp\/v2\/media?parent=25652"}],"curies":[{"name":"wp","href":"https:\/\/api.w.org\/{rel}","templated":true}]}}