{"id":25658,"date":"2016-12-13T07:54:50","date_gmt":"2016-12-13T05:54:50","guid":{"rendered":"https:\/\/mission2malawi.com\/scoala-biblica-tom-gentry"},"modified":"2016-12-13T07:54:50","modified_gmt":"2016-12-13T05:54:50","slug":"scoala-biblica-tom-gentry","status":"publish","type":"page","link":"https:\/\/mission2malawi.com\/ro\/scoala-biblica-tom-gentry\/","title":{"rendered":"\u0218coala Biblic\u0103 Tom Gentry"},"content":{"rendered":"<p>Ziua de 12 noiembrie 2018 a adus un nou \u00eenceput pentru Speran\u021b\u0103 pentru Viitor \u0219i o \u00eemplinire a lucr\u0103rii noastre din Malawi. Este o viziune adus\u0103 la realizare, un vis \u00eemplinit. Este un r\u0103spuns la nenum\u0103rate rug\u0103ciuni \u0219i o materializare a multor eforturi. Aceasta este ziua \u00een care <em>\u0218coala Biblic\u0103 Tom Gentry<\/em> \u0219i-a deschis por\u021bile pentru to\u021bi cei care caut\u0103 s\u0103 \u00eenve\u021be Cuv\u00e2ntul lui Dumnezeu!<\/p>\n<p><strong>MISIUNE<\/strong><\/p>\n<p>\u00cen lumina Marii Trimiteri a Domnului nostru Isus Cristos din Matei 28:19-20, \u0218coala Biblic\u0103 va oferi cursuri de instruire \u0219i ucenicie pentru lucr\u0103tori de tineret, plantatori de biserici \u0219i misionari.<\/p>\n<p><strong>VIZIUNE<\/strong><\/p>\n<p>S\u0103 avem abolven\u021bi capabili \u0219i preg\u0103ti\u021bi, pe care s\u0103 \u00eei trimitem s\u0103 duc\u0103 Evanghelia, slujind pe cei \u00een nevoie \u0219i preg\u0103tind, la r\u00e2ndul lor, al\u021bi ucenici.<\/p>\n<p><strong>OBIECTIVE<\/strong><\/p>\n<p>Avem 3 obiective, conform 2 Tim. 2: 1-3:<\/p>\n<ol>\n<li style=\"list-style-type: none;\">\n<ol>\n<li>S\u0103 oferim o atmosfer\u0103 \u00een care fiecare student s\u0103 fie liber s\u0103 creasc\u0103, \u00eentr\u0103rindu-se \u00een harul care este \u00een Isus Cristos. 2 Tim 2:1.<\/li>\n<li>S\u0103 \u00eei \u00eenv\u0103\u021b\u0103m pe studen\u021bi principiile Biblice astfel \u00eenc\u0103t \u0219i ei, la r\u00e2ndul lor, s\u0103 fie preg\u0103ti\u021bi s\u0103 le \u00eencredin\u021beze altora, at\u00e2t \u00een teorie c\u00e2t \u0219i \u00een practic\u0103. 2 Tim. 2:2.<\/li>\n<li>S\u0103 \u00eei preg\u0103tim pe studen\u021bi astfel \u00eenc\u00e2t ei s\u0103 fie gata s\u0103 sufere ca \u0219i buni osta\u0219i ai lui Cristos \u0219i, dup\u0103 o via\u021b\u0103 de slujire autentic\u0103, s\u0103 aud\u0103 cuvintele &#8220;Bine, rob bun \u0219i credincios&#8221;. 2 Tim 2:3<\/li>\n<\/ol>\n<\/li>\n<\/ol>\n<p class=\"\"><strong class=\"\">PLAN<\/strong><\/p>\n<p>\u00cen acest moment am implementat un program de 1 an, care include 300 de ore de studiu. La finalizarea cursurilor, studentul va primit un Certificat din partea Speran\u021bei pentru Viitor \u00een colaborare cu Prima Biseric\u0103 Baptist\u0103 din Jackson, GA, USA.<\/p>\n<p class=\"\">Cursurile sunt modulare \u0219i intensive, \u0219i vor fi predate c\u00e2te o s\u0103pt\u0103m\u00e2n\u0103 \u00een fiecare lun\u0103. Clasele vor \u00eencepe luni la ora 8 am \u0219i se vor \u00eencheia vineri la ora 4 pm. S\u00e2mb\u0103ta va fi zi de practic\u0103 \u00een lucrare iar duminic\u0103 studentul va sluji \u00een biserica-mam\u0103.<\/p>\n<p>Materialele au fost selectate astfel \u00eenc\u00e2t studen\u021bii s\u0103 fie preg\u0103ti\u021bi \u00een:<\/p>\n<p class=\"\" style=\"padding-left: 30px;\">\u00cen\u021belegerea Bibliei<br \/>\nDisciplin\u0103 Spiritual\u0103<br \/>\nAsem\u0103nare cu Cristos<br \/>\nSlujirea altora<\/p>\n<p>La finalul cursurilor studen\u021bii vor st\u0103p\u00e2ni cuno\u0219tin\u021bele necesare pentru o via\u021b\u0103 de slujire eficient\u0103 pentru Dumnezeu. Deoarece o via\u021b\u0103 de slujire cere o via\u021b\u0103 de preg\u0103tire, dorin\u021ba noastr\u0103 este ca s\u0103 p\u0103str\u0103m leg\u0103tura cu to\u021bi studen\u021bii care intr\u0103 \u00een lucrare.<\/p>\n<p class=\"\"><strong class=\"\">CHELTUIELI<\/strong><\/p>\n<p>Dorin\u021ba noastr\u0103 este ca s\u0103 oferim aceste cursuri \u00een mod gratuit tuturor celor interesa\u021bi, astfel \u00eenc\u00e2t \u0218coala Biblic\u0103 s\u0103 fie accesibil\u0103 chiar \u0219i acelor studen\u021bi care au o stare material\u0103 precar\u0103. De aceea masa, cazarea, transportul \u0219i nevoile necesare vor fi oferite \u00een mod gratuit. \u00cen lumina versetului din 2 Tesaloniceni 3:10, studen\u021bii vor fi responsabili pentru cur\u0103\u021benia \u0219i \u00eendeplinirea unor munci \u00een cadrul \u0218colii \u0219i nu numai.<\/p>\n<p class=\"\"><strong class=\"\">CONDUCERE<\/strong><\/p>\n<p>Fiind o lucrare a Speran\u021bei pentru Viitor \u00een Malawi, \u0218coala Biblic\u0103 Tom Gentry va fi condus\u0103 de acela\u0219i Bord de Conducere a misiunii.<\/p>\n<p>Fra\u021bii din conducere vor \u00eencerca s\u0103 se \u00eent\u00e2lneasc\u0103 cel pu\u021bin o dat\u0103 pe an, pentru a se asigura de bunul mers al \u0218colii, de dezvoltarea cursurilor, de planurile financiare \u0219i de rezolvarea problemelor.<\/p>\n","protected":false},"excerpt":{"rendered":"<p>Ziua de 12 noiembrie 2018 a adus un nou \u00eenceput pentru Speran\u021b\u0103 pentru Viitor \u0219i o \u00eemplinire a lucr\u0103rii noastre din Malawi. Este o viziune adus\u0103 la realizare, un vis \u00eemplinit. Este un r\u0103spuns la nenum\u0103rate rug\u0103ciuni \u0219i o materializare a multor eforturi. Aceasta este ziua \u00een care \u0218coala Biblic\u0103\u2026 <a class=\"continue-reading-link\" href=\"https:\/\/mission2malawi.com\/ro\/scoala-biblica-tom-gentry\/\">Citi\u021bi mai departe&#8230;<\/a><\/p>\n","protected":false},"author":1,"featured_media":0,"parent":0,"menu_order":0,"comment_status":"closed","ping_status":"closed","template":"","meta":{"give_campaign_id":0,"footnotes":""},"class_list":["post-25658","page","type-page","status-publish","hentry"],"campaignId":"","_links":{"self":[{"href":"https:\/\/mission2malawi.com\/ro\/wp-json\/wp\/v2\/pages\/25658","targetHints":{"allow":["GET"]}}],"collection":[{"href":"https:\/\/mission2malawi.com\/ro\/wp-json\/wp\/v2\/pages"}],"about":[{"href":"https:\/\/mission2malawi.com\/ro\/wp-json\/wp\/v2\/types\/page"}],"author":[{"embeddable":true,"href":"https:\/\/mission2malawi.com\/ro\/wp-json\/wp\/v2\/users\/1"}],"replies":[{"embeddable":true,"href":"https:\/\/mission2malawi.com\/ro\/wp-json\/wp\/v2\/comments?post=25658"}],"version-history":[{"count":0,"href":"https:\/\/mission2malawi.com\/ro\/wp-json\/wp\/v2\/pages\/25658\/revisions"}],"wp:attachment":[{"href":"https:\/\/mission2malawi.com\/ro\/wp-json\/wp\/v2\/media?parent=25658"}],"curies":[{"name":"wp","href":"https:\/\/api.w.org\/{rel}","templated":true}]}}