{"id":25679,"date":"2018-02-02T08:20:45","date_gmt":"2018-02-02T06:20:45","guid":{"rendered":"https:\/\/mission2malawi.com\/rugaciune"},"modified":"2018-02-02T08:20:45","modified_gmt":"2018-02-02T06:20:45","slug":"rugaciune","status":"publish","type":"page","link":"https:\/\/mission2malawi.com\/ro\/implica-te\/rugaciune\/","title":{"rendered":"Rug\u0103ciune"},"content":{"rendered":"<p>Motive de rug\u0103ciune actuale:<\/p>\n<ul>\n<li>protec\u021bie fizic\u0103 \u0219i spiritual\u0103 a familiei.<\/li>\n<li>\u00een\u021belepciune, c\u0103l\u0103uzire \u0219i viziune pentru lucrare.<\/li>\n<li>studen\u021bi trimi\u0219i de Domnul pentru \u0218coala Biblic\u0103.<\/li>\n<li>resurse pentru a construi cl\u0103direa #4 a \u0218colii Generale.<\/li>\n<li>u\u0219i deschise \u00een lucrarea din Malawi.<\/li>\n<li>inimi deschise fa\u021b\u0103 de lucrare atunci c\u00e2nd vom c\u0103l\u0103tori \u00een Rom\u00e2nia \u0219i State.<\/li>\n<li>pentru toate proiectele de aici: <a href=\"https:\/\/mission2malawi.com\/ro\/projects\">Proiecte<\/a>.<\/li>\n<\/ul>\n<p><img decoding=\"async\" class=\"aligncenter size-large wp-image-25306\" src=\"https:\/\/mission2malawi.com\/wp-content\/uploads\/2018\/02\/pray-1024x683.jpg\" alt=\"\" width=\"920\" height=\"614\" srcset=\"https:\/\/mission2malawi.com\/wp-content\/uploads\/2018\/02\/pray-1024x683.jpg 1024w, https:\/\/mission2malawi.com\/wp-content\/uploads\/2018\/02\/pray-300x200.jpg 300w, https:\/\/mission2malawi.com\/wp-content\/uploads\/2018\/02\/pray-768x512.jpg 768w, https:\/\/mission2malawi.com\/wp-content\/uploads\/2018\/02\/pray-525x350.jpg 525w, https:\/\/mission2malawi.com\/wp-content\/uploads\/2018\/02\/pray-150x100.jpg 150w, https:\/\/mission2malawi.com\/wp-content\/uploads\/2018\/02\/pray.jpg 1920w\" sizes=\"(max-width: 920px) 100vw, 920px\" \/><\/p>\n","protected":false},"excerpt":{"rendered":"<p>Motive de rug\u0103ciune actuale: protec\u021bie fizic\u0103 \u0219i spiritual\u0103 a familiei. \u00een\u021belepciune, c\u0103l\u0103uzire \u0219i viziune pentru lucrare. studen\u021bi trimi\u0219i de Domnul pentru \u0218coala Biblic\u0103. resurse pentru a construi cl\u0103direa #4 a \u0218colii Generale. u\u0219i deschise \u00een lucrarea din Malawi. inimi deschise fa\u021b\u0103 de lucrare atunci c\u00e2nd vom c\u0103l\u0103tori \u00een Rom\u00e2nia \u0219i\u2026 <a class=\"continue-reading-link\" href=\"https:\/\/mission2malawi.com\/ro\/implica-te\/rugaciune\/\">Citi\u021bi mai departe&#8230;<\/a><\/p>\n","protected":false},"author":1,"featured_media":0,"parent":25626,"menu_order":0,"comment_status":"closed","ping_status":"closed","template":"","meta":{"give_campaign_id":0,"footnotes":""},"class_list":["post-25679","page","type-page","status-publish","hentry"],"campaignId":"","_links":{"self":[{"href":"https:\/\/mission2malawi.com\/ro\/wp-json\/wp\/v2\/pages\/25679","targetHints":{"allow":["GET"]}}],"collection":[{"href":"https:\/\/mission2malawi.com\/ro\/wp-json\/wp\/v2\/pages"}],"about":[{"href":"https:\/\/mission2malawi.com\/ro\/wp-json\/wp\/v2\/types\/page"}],"author":[{"embeddable":true,"href":"https:\/\/mission2malawi.com\/ro\/wp-json\/wp\/v2\/users\/1"}],"replies":[{"embeddable":true,"href":"https:\/\/mission2malawi.com\/ro\/wp-json\/wp\/v2\/comments?post=25679"}],"version-history":[{"count":0,"href":"https:\/\/mission2malawi.com\/ro\/wp-json\/wp\/v2\/pages\/25679\/revisions"}],"up":[{"embeddable":true,"href":"https:\/\/mission2malawi.com\/ro\/wp-json\/wp\/v2\/pages\/25626"}],"wp:attachment":[{"href":"https:\/\/mission2malawi.com\/ro\/wp-json\/wp\/v2\/media?parent=25679"}],"curies":[{"name":"wp","href":"https:\/\/api.w.org\/{rel}","templated":true}]}}