{"id":25681,"date":"2018-02-05T20:00:55","date_gmt":"2018-02-05T18:00:55","guid":{"rendered":"https:\/\/mission2malawi.com\/agricultura-biblica"},"modified":"2018-02-05T20:00:55","modified_gmt":"2018-02-05T18:00:55","slug":"agricultura-biblica","status":"publish","type":"page","link":"https:\/\/mission2malawi.com\/ro\/agricultura-biblica\/","title":{"rendered":"Agricultur\u0103 Biblic\u0103"},"content":{"rendered":"<p>Agricultura Biblic\u0103 este un alt aspect al lucr\u0103rii din Malawi, o metod\u0103 folosit\u0103 pentru a predica Evanghelia, a \u00eemb\u0103rb\u0103ta \u0219i planta biserici \u0219i a extinde \u00cemp\u0103r\u0103\u021bia lui Dumnezeu, cu accentul pus pe agricultur\u0103 eficient\u0103, ca \u0219i model de a schimba vie\u021bile oamenilor, comunit\u0103\u021bile \u0219i na\u021biunile.<\/p>\n<p>\u00cen cei 10 ani de misiune aici \u00een Malawi, am observat de prea multe ori cum oamenii fac alegeri gre\u0219ite care sunt \u00een detrimentul lor. Chiar dac\u0103 majoritatea Malawienilor sunt fermieri mici \u0219i depind de gr\u0103dinile lor, adev\u0103rul este c\u0103 foarte pu\u021bini dintre ei cunosc agricultur\u0103 \u0219i \u0219tiu cum s\u0103 lucreze \u00eentr-un mod eficient.<\/p>\n<p>Din acest motiv am introdus acest curs care se nume\u0219te &#8220;<a href=\"http:\/\/www.farming-gods-way.org\" target=\"_blank\" rel=\"noopener\">Agricultur\u0103 Biblic\u0103<\/a>&#8220;, sau Farming God&#8217;s Way \u00een limba englez\u0103. Cursul vine ca \u0219i o necesitate la probleme de aici, dar \u0219i din dorin\u021ba noastr\u0103 ca familiile printre care lucr\u0103m s\u0103 poat\u0103 avea m\u00e2ncare suficient\u0103 \u0219i s\u0103 se poat\u0103 ridica deasupra problemelor economice cu care se confrunt\u0103.<\/p>\n<h3>Problema<\/h3>\n<p>Africa de\u021bine 30% din resursele naturale ale lumii \u0219i una dintre cele mai bune combina\u021bii de clim\u0103, ploi \u0219i sol. Continentul are foarte mult teren arabil \u00een compara\u021bie cu restul lumii, \u0219i totu\u0219i 35% din popula\u021bie sufer\u0103 de malnutri\u021bie cronic\u0103, iar \u00eentregul continent contribuie cu doar 1.3% din produc\u021bia anual\u0103 global\u0103.<\/p>\n<p>Africa are o suprafa\u021b\u0103 de peste 30 de milioane de km p\u0103tra\u021bi, mai mult dec\u00e2t China, SUA, Europa de Vest, India \u0219i Marea Britanie puse \u00eempreun\u0103, \u00eens\u0103 produsul intern brut pe \u00eentreg continentul este abia la 5% din cel global. Este limpede c\u0103 Africa are un poten\u021bial imens.<\/p>\n<p>\u00cen perioada 1975 &#8211; 2003, produc\u021bia mondial\u0103 de porumb a crescut pe continente precum SUA sau Asia, \u00eens\u0103 a sc\u0103zut pe continentul African. \u00cen Statele Unite, \u00een perioada men\u021bionat\u0103 produc\u021bia a crescut de la 5.5 la 9 tone pe hectar, iar \u00een Asia de la 2 la 4 tone pe hectar. \u00cen Africa, \u00eens\u0103, produc\u021bia de porumb este abia la o medie de 350 kg pe hectar.<\/p>\n<p>Aceast\u0103 lips\u0103 acut\u0103 a fost suplimentat\u0103 de-a lungul anilor de organiza\u021bii mari care, la r\u00e2ndul lor, sunt sponsorizate de mari puteri precum SUA, Uniunea European\u0103, China, Canada, etc. Miliarde de dolari sunt cheltui\u021bi pe Africa \u0219i peste 25 milioane de tone de porumb ajung aici anual, \u00eens\u0103 iat\u0103 c\u0103 via\u021ba omului din sat nu s-a schimbat deloc.<\/p>\n<p>Func\u021bioneaz\u0103 oare acest sistem? De ce s\u0103racii devin mai s\u0103raci \u00een fiecare an? De ce 1 din 3 africani este malnutrit \u0219i Africa este singurul continent unde num\u0103rul de oameni care sufer\u0103 de foame cre\u0219te anual? De ce oamenii sufer\u0103 \u00een ciuda ajutoarelor semnificative trimise \u00een Africa?<\/p>\n<h3>Solu\u021bia<\/h3>\n<p>Cursul de Agricultur\u0103 Biblic\u0103 sus\u021bine c\u0103 metodele tradi\u021bionale africane folosite aici nu func\u021bioneaz\u0103 pentru c\u0103 ele au fost copiate de la alte \u021b\u0103ri, acolo unde ploile \u0219i restul elementelor necesare sunt diferite. Malawi are un sezon ploios \u00een fiecare an \u0219i perioade scurte dar intense de ploaie. P\u0103m\u00e2ntul arat este sp\u0103lat de ploi \u0219i foarte pu\u021bin\u0103 umiditate este p\u0103strat\u0103 \u00een sol. Metodele folosite ast\u0103zi robesc p\u0103m\u00e2ntul de to\u021bi nutrien\u021bii lui, f\u0103r\u0103 a-i reda ceva \u00eenapoi.<\/p>\n<p>Biblia este clar\u0103 atunci c\u00e2nd ne spune c\u0103 Dumnezeu caut\u0103 oameni credincio\u0219i \u00een ceea ce au \u0219i El este Acela care va da mai mult. Agricultura Biblic\u0103 folose\u0219te metode de a proteja \u0219i conserva solul \u0219i ploile pe care Domnul le d\u0103.<\/p>\n<p>\u00cen crea\u021bia lui Dumnezeu:<\/p>\n<p>Nu se ar\u0103.<br \/>\nExist\u0103 un mulci format din frunze sau plante, denumit aici &#8220;P\u0103tura lui Dumnezeu&#8221;.<br \/>\nNu exist\u0103 foc.<\/p>\n<h3>Scopul<\/h3>\n<p>Dac\u0103 acest sistem este pus \u00een practic\u0103, fermierul african va putea s\u0103:<\/p>\n<p>Glorifice pe Dumnezeu.<br \/>\nScape de jugul asupririi care aduce foamete, goliciune \u0219i s\u0103r\u0103cie.<br \/>\n\u00ce\u0219i hr\u0103neasc\u0103 constant familia.<br \/>\nV\u00e2nd\u0103 surplusul recoltat \u0219i s\u0103 foloseasc\u0103 profitul pentru acoperirea altor nevoie precum: taxe \u0219colare, haine, acoperi\u0219 la cas\u0103, cheltuieli medicale, s\u0103m\u00e2n\u021b\u0103 \u0219i unelte pentru anul care vine.<br \/>\nScape de cercul vicios al \u00eemprumutului.<br \/>\nDea altora.<br \/>\nFie un exemplu \u0219i o m\u0103rturie pentru Domnul.<br \/>\nAjute \u0219i s\u0103 \u00eent\u0103reasc\u0103 bisericile slabe.<br \/>\nAduc\u0103 unitate Bisericii.<\/p>\n<h3>Principii<\/h3>\n<p>Ca cele de mai sus s\u0103 se \u00eent\u00e2mple, totul trebuie f\u0103cut:<\/p>\n<p><strong>1. La Timp.<\/strong>\u00a0Plan din timp, preg\u0103tire bun\u0103, \u00eenceput timpuriu \u0219i niciodat\u0103 t\u00e2rziu!<\/p>\n<p><strong>2.<\/strong> <strong>La un Standard \u00cenalt.<\/strong>\u00a0Totul trebuie f\u0103cut bine de la bun \u00eenceput, f\u0103r\u0103 scurt\u0103turi. Fermierul trebuie s\u0103 fie cinstit \u00een tot ceea ce face.<\/p>\n<p><strong>3.<\/strong> <strong>F\u0103r\u0103 Risip\u0103.<\/strong>\u00a0Nu trebuie risipite timpul, solul, apa, lumina soarelui, s\u0103m\u00e2n\u021b\u0103, nutrien\u021bii, munca, energia sau oportunit\u0103\u021bile.<\/p>\n<p><strong>4.<\/strong> <strong>Cu Bucurie.<\/strong>\u00a0Dac\u0103 primele 3 puncte sunt f\u0103cute cu credincio\u0219ie, f\u0103r\u0103 autocomp\u0103timire, f\u0103r\u0103 a da vina pe al\u021bii, f\u0103r\u0103 a g\u0103si scuze \u0219i cu o inim\u0103 mul\u021bumitoare, Dumnezeu va \u00eenl\u0103tura frica \u0219i \u00eendoiala \u0219i va aduce pacea, speran\u021ba \u0219i bucuria care vor forma sursa for\u021bei de munc\u0103.<\/p>\n<h3>Fundamente Biblice<\/h3>\n<p><strong>1. Credincio\u0219ie \u00een lucrurile mici.<\/strong><br \/>\nPilda talan\u021bilor &#8211; dac\u0103 e\u0219ti credincios \u00een lucrurile mici, Dumnezeu \u00ee\u021bi va da mai mult, \u00eens\u0103 atunci c\u00e2nd nu exist\u0103 credincio\u0219ie, Dumnezeu ia totul. Fermierul credincios \u00een ceea ce are, chiar dac\u0103 este o gr\u0103din\u0103 mic\u0103, va primi binecuv\u00e2ntarea lui Dumnezeu.<\/p>\n<p><strong>2. D\u0103rnicie<\/strong><br \/>\nIsus a zis, &#8220;Da\u021bi, \u0219i vi se va da&#8221; (Luca 6:38). Acest principiu rupe jugul egoismului. Nu se poate lua constant din p\u0103m\u00e2nt f\u0103r\u0103 a da nimic \u00eenapoi.<\/p>\n<h3>Planul de Ac\u021biune<\/h3>\n<p>Suntem deplin con\u0219tien\u021bi c\u0103 nu va fi u\u0219or, \u00eens\u0103 dac\u0103 acest curs are valoare, atunci el este vital \u00een comunit\u0103\u021bile \u00een care lucr\u0103m, \u0219i \u00een toat\u0103 Africa. Oamenii de pretutindeni g\u0103sesc confort \u00een lucrurile pe care le cunosc \u0219i le este foarte greu s\u0103 se schimbe, cu at\u00e2t mai mult aici \u00een Malawi. Vom \u00eencepe prin a-i preg\u0103ti pe p\u0103storii \u0219i liderii bisericilor cu care lucr\u0103m. Ei vor putea \u00een\u021belege partea spiritual\u0103 a lucrurilor \u0219i fundamentele biblice, iar mai apoi vom putea discuta despre agrictultura \u00een sine.<\/p>\n<p>Anul acesta vom distribui porumb familiilor nevoia\u0219e iar fiecare beneficiar va fi \u00eencurajat s\u0103 aplice aceste metode de agricultur\u0103 cel pu\u021bin pe o bucat\u0103 din gr\u0103dina pe care o de\u021bine. Credem c\u0103 rezultatele vor vorbi de la sine.<\/p>\n<p>De fiecare dat\u0103 c\u00e2nd voi avea lec\u021bii cu p\u0103storii despre acest subiect voi posta articole pe blog, iar linkurile c\u0103tre acele articole vor ap\u0103rea mai jos:<\/p>\n","protected":false},"excerpt":{"rendered":"<p>Agricultura Biblic\u0103 este un alt aspect al lucr\u0103rii din Malawi, o metod\u0103 folosit\u0103 pentru a predica Evanghelia, a \u00eemb\u0103rb\u0103ta \u0219i planta biserici \u0219i a extinde \u00cemp\u0103r\u0103\u021bia lui Dumnezeu, cu accentul pus pe agricultur\u0103 eficient\u0103, ca \u0219i model de a schimba vie\u021bile oamenilor, comunit\u0103\u021bile \u0219i na\u021biunile. \u00cen cei 10 ani de\u2026 <a class=\"continue-reading-link\" href=\"https:\/\/mission2malawi.com\/ro\/agricultura-biblica\/\">Citi\u021bi mai departe&#8230;<\/a><\/p>\n","protected":false},"author":1,"featured_media":0,"parent":0,"menu_order":0,"comment_status":"closed","ping_status":"closed","template":"","meta":{"give_campaign_id":0,"footnotes":""},"class_list":["post-25681","page","type-page","status-publish","hentry"],"campaignId":"","_links":{"self":[{"href":"https:\/\/mission2malawi.com\/ro\/wp-json\/wp\/v2\/pages\/25681","targetHints":{"allow":["GET"]}}],"collection":[{"href":"https:\/\/mission2malawi.com\/ro\/wp-json\/wp\/v2\/pages"}],"about":[{"href":"https:\/\/mission2malawi.com\/ro\/wp-json\/wp\/v2\/types\/page"}],"author":[{"embeddable":true,"href":"https:\/\/mission2malawi.com\/ro\/wp-json\/wp\/v2\/users\/1"}],"replies":[{"embeddable":true,"href":"https:\/\/mission2malawi.com\/ro\/wp-json\/wp\/v2\/comments?post=25681"}],"version-history":[{"count":0,"href":"https:\/\/mission2malawi.com\/ro\/wp-json\/wp\/v2\/pages\/25681\/revisions"}],"wp:attachment":[{"href":"https:\/\/mission2malawi.com\/ro\/wp-json\/wp\/v2\/media?parent=25681"}],"curies":[{"name":"wp","href":"https:\/\/api.w.org\/{rel}","templated":true}]}}