{"id":29433,"date":"2022-02-14T17:19:11","date_gmt":"2022-02-14T15:19:11","guid":{"rendered":"https:\/\/mission2malawi.com\/?page_id=29433"},"modified":"2022-02-14T17:19:15","modified_gmt":"2022-02-14T15:19:15","slug":"abonare-la-scrisoarea-de-rugaciune","status":"publish","type":"page","link":"https:\/\/mission2malawi.com\/ro\/abonare-la-scrisoarea-de-rugaciune\/","title":{"rendered":"Abonare la Scrisoarea de Rug\u0103ciune"},"content":{"rendered":"\n<p>Ne-am bucura s\u0103 v\u0103 putem \u021bine la curent cu ceea ce se \u00eent\u00e2mpl\u0103 \u00een via\u021ba noastr\u0103 \u0219i \u00een lucrare! Dac\u0103 dori\u021bi s\u0103 primi\u021bi prin email Scrisorile noastre de Rug\u0103ciune, v\u0103 rug\u0103m s\u0103 v\u0103 abona\u021bi folosind formularul de mai jos: <\/p>\n\n\n\n<p><!-- Begin Mailchimp Signup Form -->\n<link href=\"\/\/cdn-images.mailchimp.com\/embedcode\/classic-10_7_dtp.css\" rel=\"stylesheet\" type=\"text\/css\">\n<style type=\"text\/css\">\n\t#mc_embed_signup{background:#fff; clear:left; font:14px Helvetica,Arial,sans-serif; }\n\t\/* Add your own Mailchimp form style overrides in your site stylesheet or in this style block.\n\t   We recommend moving this block and the preceding CSS link to the HEAD of your HTML file. *\/\n<\/style>\n<div id=\"mc_embed_signup\">\n<form action=\"https:\/\/mission2malawi.us3.list-manage.com\/subscribe\/post?u=60c97827a9bb66a4ef55e2b11&amp;id=d6ee56907f\" method=\"post\" id=\"mc-embedded-subscribe-form\" name=\"mc-embedded-subscribe-form\" class=\"validate\" target=\"_blank\" novalidate>\n    <div id=\"mc_embed_signup_scroll\">\n\t<h2>Abonare la Scrisori de Rug\u0103ciune<\/h2>\n<div class=\"indicates-required\"><span class=\"asterisk\">*<\/span> indicates required<\/div>\n<div class=\"mc-field-group\">\n\t<label for=\"mce-FNAME\">Nume  <span class=\"asterisk\">*<\/span>\n<\/label>\n\t<input type=\"text\" value=\"\" name=\"FNAME\" class=\"required\" id=\"mce-FNAME\">\n<\/div>\n<div class=\"mc-field-group\">\n\t<label for=\"mce-LNAME\">Prenume  <span class=\"asterisk\">*<\/span>\n<\/label>\n\t<input type=\"text\" value=\"\" name=\"LNAME\" class=\"required\" id=\"mce-LNAME\">\n<\/div>\n<div class=\"mc-field-group\">\n\t<label for=\"mce-EMAIL\">Email  <span class=\"asterisk\">*<\/span>\n<\/label>\n\t<input type=\"email\" value=\"\" name=\"EMAIL\" class=\"required email\" id=\"mce-EMAIL\">\n<\/div>\n\t<div id=\"mce-responses\" class=\"clear foot\">\n\t\t<div class=\"response\" id=\"mce-error-response\" style=\"display:none\"><\/div>\n\t\t<div class=\"response\" id=\"mce-success-response\" style=\"display:none\"><\/div>\n\t<\/div>    <!-- real people should not fill this in and expect good things - do not remove this or risk form bot signups-->\n    <div style=\"position: absolute; left: -5000px;\" aria-hidden=\"true\"><input type=\"text\" name=\"b_60c97827a9bb66a4ef55e2b11_d6ee56907f\" tabindex=\"-1\" value=\"\"><\/div>\n        <div class=\"optionalParent\">\n            <div class=\"clear foot\">\n                <input type=\"submit\" value=\"Subscribe\" name=\"subscribe\" id=\"mc-embedded-subscribe\" class=\"button\">\n                <p class=\"brandingLogo\"><a href=\"http:\/\/eepurl.com\/hUEXe9\" title=\"Mailchimp - email marketing made easy and fun\"><img decoding=\"async\" src=\"https:\/\/eep.io\/mc-cdn-images\/template_images\/branding_logo_text_dark_dtp.svg\"><\/a><\/p>\n            <\/div>\n        <\/div>\n    <\/div>\n<\/form>\n<\/div>\n<script type='text\/javascript' src='\/\/s3.amazonaws.com\/downloads.mailchimp.com\/js\/mc-validate.js'><\/script><script type='text\/javascript'>(function($) {window.fnames = new Array(); window.ftypes = new Array();fnames[1]='FNAME';ftypes[1]='text';fnames[2]='LNAME';ftypes[2]='text';fnames[0]='EMAIL';ftypes[0]='email';fnames[5]='TNTMPDINFO';ftypes[5]='text';fnames[6]='GREETING';ftypes[6]='text';fnames[7]='SALUTATION';ftypes[7]='text';fnames[8]='PHONE';ftypes[8]='text';fnames[9]='O_PHONE';ftypes[9]='text';fnames[3]='MMERGE3';ftypes[3]='birthday';fnames[4]='MOBILE';ftypes[4]='phone';}(jQuery));var $mcj = jQuery.noConflict(true);<\/script>\n<!--End mc_embed_signup--><\/p>\n","protected":false},"excerpt":{"rendered":"<p>Ne-am bucura s\u0103 v\u0103 putem \u021bine la curent cu ceea ce se \u00eent\u00e2mpl\u0103 \u00een via\u021ba noastr\u0103 \u0219i \u00een lucrare! Dac\u0103 dori\u021bi s\u0103 primi\u021bi prin email Scrisorile noastre de Rug\u0103ciune, v\u0103 rug\u0103m s\u0103 v\u0103 abona\u021bi folosind formularul de mai jos: Abonare la Scrisori de Rug\u0103ciune * indicates required Nume * Prenume\u2026 <a class=\"continue-reading-link\" href=\"https:\/\/mission2malawi.com\/ro\/abonare-la-scrisoarea-de-rugaciune\/\">Citi\u021bi mai departe&#8230;<\/a><\/p>\n","protected":false},"author":1,"featured_media":0,"parent":0,"menu_order":0,"comment_status":"closed","ping_status":"closed","template":"","meta":{"give_campaign_id":0,"footnotes":""},"class_list":["post-29433","page","type-page","status-publish","hentry"],"campaignId":"","_links":{"self":[{"href":"https:\/\/mission2malawi.com\/ro\/wp-json\/wp\/v2\/pages\/29433","targetHints":{"allow":["GET"]}}],"collection":[{"href":"https:\/\/mission2malawi.com\/ro\/wp-json\/wp\/v2\/pages"}],"about":[{"href":"https:\/\/mission2malawi.com\/ro\/wp-json\/wp\/v2\/types\/page"}],"author":[{"embeddable":true,"href":"https:\/\/mission2malawi.com\/ro\/wp-json\/wp\/v2\/users\/1"}],"replies":[{"embeddable":true,"href":"https:\/\/mission2malawi.com\/ro\/wp-json\/wp\/v2\/comments?post=29433"}],"version-history":[{"count":0,"href":"https:\/\/mission2malawi.com\/ro\/wp-json\/wp\/v2\/pages\/29433\/revisions"}],"wp:attachment":[{"href":"https:\/\/mission2malawi.com\/ro\/wp-json\/wp\/v2\/media?parent=29433"}],"curies":[{"name":"wp","href":"https:\/\/api.w.org\/{rel}","templated":true}]}}