{"id":31896,"date":"2024-12-14T15:06:59","date_gmt":"2024-12-14T13:06:59","guid":{"rendered":"https:\/\/mission2malawi.com\/?page_id=31896"},"modified":"2024-12-14T15:07:33","modified_gmt":"2024-12-14T13:07:33","slug":"vino-sa-slujesti-alaturi-de-noi","status":"publish","type":"page","link":"https:\/\/mission2malawi.com\/ro\/vino-sa-slujesti-alaturi-de-noi\/","title":{"rendered":"Vino s\u0103 sluje\u0219ti al\u0103turi de noi"},"content":{"rendered":"\n<p>\u00cen Biblie, Pavel a avut o vedenie \u00een care un om dintr-o alt\u0103 \u021bar\u0103 l-a chemat, spun\u00e2nd: \u201e<em>Treci \u00een Macedonia \u0219i ajut\u0103-ne!<\/em>\u201d (Fapte 16:9). Aceast\u0103 chemare l-a determinat pe Pavel s\u0103 ac\u021bioneze, propuls\u00e2ndu-l s\u0103 duc\u0103 Evanghelia pe un t\u0103r\u00e2m nou.<\/p>\n\n\n\n<p>Ai sim\u021bit vreodat\u0103 o chemare asem\u0103n\u0103toare \u00een inima ta, un vis, o dorin\u021b\u0103 puternic\u0103 de a-L sluji pe Domnul \u00eentr-o \u021bar\u0103 \u00eendep\u0103rtat\u0103, poate chiar pe un continent care pare dincolo de ceea ce credeai posibil?<\/p>\n\n\n\n<p>Dac\u0103 da, permite-ne s\u0103 repet\u0103m chemarea acelui om: \u201eVino \u00een Malawi \u0219i ajut\u0103-ne!\u201d<\/p>\n\n\n\n<p>Versetul urm\u0103tor spune: \u201e<em>Dup\u0103 vedenia aceasta a lui Pavel, am c\u0103utat \u00eendat\u0103 s\u0103 ne ducem \u00een Macedonia, c\u0103ci \u00een\u021belegeam c\u0103 Domnul ne cheam\u0103 s\u0103 le vestim Evanghelia.<\/em>\u201d (Fapte 16:10).<\/p>\n\n\n\n<p>Oare nu te cheam\u0103 Dumnezeu s\u0103 faci \u0219i tu un pas prin credin\u021b\u0103 \u0219i s\u0103 ac\u021bionezi pentru \u00cemp\u0103r\u0103\u021bia Lui?<br>Dac\u0103 inima ta simte aceast\u0103 chemare, contacteaz\u0103-ne!<\/p>\n\n\n\n<div class=\"wp-block-contact-form-7-contact-form-selector\">\n<div class=\"wpcf7 no-js\" id=\"wpcf7-f31368-o1\" lang=\"ro-RO\" dir=\"ltr\" data-wpcf7-id=\"31368\">\n<div class=\"screen-reader-response\"><p role=\"status\" aria-live=\"polite\" aria-atomic=\"true\"><\/p> <ul><\/ul><\/div>\n<form action=\"\/ro\/wp-json\/wp\/v2\/pages\/31896#wpcf7-f31368-o1\" method=\"post\" class=\"wpcf7-form init\" aria-label=\"Formular de contact\" novalidate=\"novalidate\" data-status=\"init\">\n<fieldset class=\"hidden-fields-container\"><input type=\"hidden\" name=\"_wpcf7\" value=\"31368\" \/><input type=\"hidden\" name=\"_wpcf7_version\" value=\"6.1.5\" \/><input type=\"hidden\" name=\"_wpcf7_locale\" value=\"ro_RO\" \/><input type=\"hidden\" name=\"_wpcf7_unit_tag\" value=\"wpcf7-f31368-o1\" \/><input type=\"hidden\" name=\"_wpcf7_container_post\" value=\"0\" \/><input type=\"hidden\" name=\"_wpcf7_posted_data_hash\" value=\"\" \/><input type=\"hidden\" name=\"_wpcf7_recaptcha_response\" value=\"\" \/>\n<\/fieldset>\n<p><label> Nume<br \/>\n<span class=\"wpcf7-form-control-wrap\" data-name=\"your-name\"><input size=\"40\" maxlength=\"400\" class=\"wpcf7-form-control wpcf7-text wpcf7-validates-as-required\" autocomplete=\"name\" aria-required=\"true\" aria-invalid=\"false\" value=\"\" type=\"text\" name=\"your-name\" \/><\/span> <\/label>\n<\/p>\n<p><label> Email<br \/>\n<span class=\"wpcf7-form-control-wrap\" data-name=\"your-email\"><input size=\"40\" maxlength=\"400\" class=\"wpcf7-form-control wpcf7-email wpcf7-validates-as-required wpcf7-text wpcf7-validates-as-email\" autocomplete=\"email\" aria-required=\"true\" aria-invalid=\"false\" value=\"\" type=\"email\" name=\"your-email\" \/><\/span> <\/label>\n<\/p>\n<p><label> Subiect<br \/>\n<span class=\"wpcf7-form-control-wrap\" data-name=\"your-subject\"><input size=\"40\" maxlength=\"400\" class=\"wpcf7-form-control wpcf7-text wpcf7-validates-as-required\" aria-required=\"true\" aria-invalid=\"false\" value=\"\" type=\"text\" name=\"your-subject\" \/><\/span> <\/label>\n<\/p>\n<p><label> Mesaj<br \/>\n<span class=\"wpcf7-form-control-wrap\" data-name=\"your-message\"><textarea cols=\"40\" rows=\"10\" maxlength=\"2000\" class=\"wpcf7-form-control wpcf7-textarea wpcf7-validates-as-required\" aria-required=\"true\" aria-invalid=\"false\" name=\"your-message\"><\/textarea><\/span> <\/label>\n<\/p>\n<p>Gata pentru trimitere?<br \/>\n<span class=\"wpcf7-form-control-wrap\" data-name=\"checkbox-252\"><span class=\"wpcf7-form-control wpcf7-checkbox wpcf7-validates-as-required wpcf7-exclusive-checkbox\"><span class=\"wpcf7-list-item first last\"><label><input type=\"checkbox\" name=\"checkbox-252\" value=\"da\" \/><span class=\"wpcf7-list-item-label\">da<\/span><\/label><\/span><\/span><\/span>\n<\/p>\n<p><input class=\"wpcf7-form-control wpcf7-submit has-spinner\" type=\"submit\" value=\"Submit\" \/>\n<\/p>\n<p>Acest formular folose\u0219te Akismet pentru a reduce mesajele de tip spam.\n<\/p><p style=\"display: none !important;\" class=\"akismet-fields-container\" data-prefix=\"_wpcf7_ak_\"><label>&#916;<textarea name=\"_wpcf7_ak_hp_textarea\" cols=\"45\" rows=\"8\" maxlength=\"100\"><\/textarea><\/label><input type=\"hidden\" id=\"ak_js_1\" name=\"_wpcf7_ak_js\" value=\"134\"\/><script type=\"text\/javascript\">\n\/* <![CDATA[ *\/\ndocument.getElementById( \"ak_js_1\" ).setAttribute( \"value\", ( new Date() ).getTime() );\n\/* ]]> *\/\n<\/script>\n<\/p><div class=\"wpcf7-response-output\" aria-hidden=\"true\"><\/div>\n<\/form>\n<\/div>\n<\/div>\n","protected":false},"excerpt":{"rendered":"<p>\u00cen Biblie, Pavel a avut o vedenie \u00een care un om dintr-o alt\u0103 \u021bar\u0103 l-a chemat, spun\u00e2nd: \u201eTreci \u00een Macedonia \u0219i ajut\u0103-ne!\u201d (Fapte 16:9). Aceast\u0103 chemare l-a determinat pe Pavel s\u0103 ac\u021bioneze, propuls\u00e2ndu-l s\u0103 duc\u0103 Evanghelia pe un t\u0103r\u00e2m nou. Ai sim\u021bit vreodat\u0103 o chemare asem\u0103n\u0103toare \u00een inima ta, un\u2026 <a class=\"continue-reading-link\" href=\"https:\/\/mission2malawi.com\/ro\/vino-sa-slujesti-alaturi-de-noi\/\">Citi\u021bi mai departe&#8230;<\/a><\/p>\n","protected":false},"author":1,"featured_media":31892,"parent":0,"menu_order":0,"comment_status":"closed","ping_status":"closed","template":"","meta":{"give_campaign_id":0,"footnotes":""},"class_list":["post-31896","page","type-page","status-publish","has-post-thumbnail","hentry"],"campaignId":"","_links":{"self":[{"href":"https:\/\/mission2malawi.com\/ro\/wp-json\/wp\/v2\/pages\/31896","targetHints":{"allow":["GET"]}}],"collection":[{"href":"https:\/\/mission2malawi.com\/ro\/wp-json\/wp\/v2\/pages"}],"about":[{"href":"https:\/\/mission2malawi.com\/ro\/wp-json\/wp\/v2\/types\/page"}],"author":[{"embeddable":true,"href":"https:\/\/mission2malawi.com\/ro\/wp-json\/wp\/v2\/users\/1"}],"replies":[{"embeddable":true,"href":"https:\/\/mission2malawi.com\/ro\/wp-json\/wp\/v2\/comments?post=31896"}],"version-history":[{"count":0,"href":"https:\/\/mission2malawi.com\/ro\/wp-json\/wp\/v2\/pages\/31896\/revisions"}],"wp:featuredmedia":[{"embeddable":true,"href":"https:\/\/mission2malawi.com\/ro\/wp-json\/wp\/v2\/media\/31892"}],"wp:attachment":[{"href":"https:\/\/mission2malawi.com\/ro\/wp-json\/wp\/v2\/media?parent=31896"}],"curies":[{"name":"wp","href":"https:\/\/api.w.org\/{rel}","templated":true}]}}